{"id":11,"date":"2022-12-05T11:47:40","date_gmt":"2022-12-05T11:47:40","guid":{"rendered":"http:\/\/localhost:8888\/FFSV\/?page_id=11"},"modified":"2025-09-25T09:20:59","modified_gmt":"2025-09-25T09:20:59","slug":"styrelse","status":"publish","type":"page","link":"https:\/\/ffsv.info\/?page_id=11","title":{"rendered":"Styrelse"},"content":{"rendered":"<p><img loading=\"lazy\" decoding=\"async\" class=\"size-full wp-image-236 alignnone\" title=\"FFFS ordf klubba_web\" src=\"http:\/\/ffsv.info\/wp-content\/uploads\/2011\/03\/FFFS-ordf-klubba_web1.jpg\" alt=\"\" width=\"350\" height=\"166\" \/><\/p>\n<p>&nbsp;<\/p>\n<h4><span style=\"color: #800000;\"><strong>Styrelsen som valdes av f\u00f6reningens \u00e5rsm\u00f6te 2025-03-31 har f\u00f6ljande sammans\u00e4ttning:<br \/>\n<\/strong><\/span><\/h4>\n<p>Ordf\u00f6rande: Jan Alsins<br \/>\nVice ordf\u00f6rande: Anders Magnusson<br \/>\nSekreterare: Per Emgardsson<\/p>\n<p>Vice sekreterare: Bo Wahlstr\u00f6m<br \/>\nKass\u00f6r: Axel Melbin<br \/>\n6:e ledamot: Bernt Jones<br \/>\nKlubbm\u00e4stare:\u00a0 Kiki Kirkbride och Lilit Nilsson<\/p>\n<p>Revisor: Hans \u00c5rstadius<br \/>\nRevisorssuppleant: G\u00f6ran Aldskogius<br \/>\nValberedning:\u00a0 Karl Evert Mosten (sammankallande)<\/p>\n<p>&nbsp;<\/p>\n<p>\u00c4r du intresserad av medlemskap i F\u00f6reningen, kontakta styrelsens sekreterare l\u00e4mpligen p\u00e5 e-post adress: sekreterare.ffsv@gmail.com<\/p>\n<p>&nbsp;<\/p>\n<p>&nbsp;<\/p>\n","protected":false},"excerpt":{"rendered":"<p>&nbsp; Styrelsen som valdes av f\u00f6reningens \u00e5rsm\u00f6te 2025-03-31 har f\u00f6ljande sammans\u00e4ttning: Ordf\u00f6rande: Jan Alsins Vice ordf\u00f6rande: Anders Magnusson Sekreterare: Per Emgardsson Vice sekreterare: Bo Wahlstr\u00f6m Kass\u00f6r: Axel Melbin 6:e ledamot: Bernt Jones Klubbm\u00e4stare:\u00a0 Kiki Kirkbride och Lilit Nilsson Revisor: Hans \u00c5rstadius Revisorssuppleant: G\u00f6ran Aldskogius Valberedning:\u00a0 Karl Evert Mosten (sammankallande) &nbsp; \u00c4r du intresserad av medlemskap [&hellip;]<\/p>\n","protected":false},"author":7,"featured_media":0,"parent":0,"menu_order":4,"comment_status":"closed","ping_status":"closed","template":"","meta":{"footnotes":""},"class_list":["post-11","page","type-page","status-publish","hentry"],"_links":{"self":[{"href":"https:\/\/ffsv.info\/index.php?rest_route=\/wp\/v2\/pages\/11","targetHints":{"allow":["GET"]}}],"collection":[{"href":"https:\/\/ffsv.info\/index.php?rest_route=\/wp\/v2\/pages"}],"about":[{"href":"https:\/\/ffsv.info\/index.php?rest_route=\/wp\/v2\/types\/page"}],"author":[{"embeddable":true,"href":"https:\/\/ffsv.info\/index.php?rest_route=\/wp\/v2\/users\/7"}],"replies":[{"embeddable":true,"href":"https:\/\/ffsv.info\/index.php?rest_route=%2Fwp%2Fv2%2Fcomments&post=11"}],"version-history":[{"count":14,"href":"https:\/\/ffsv.info\/index.php?rest_route=\/wp\/v2\/pages\/11\/revisions"}],"predecessor-version":[{"id":13055,"href":"https:\/\/ffsv.info\/index.php?rest_route=\/wp\/v2\/pages\/11\/revisions\/13055"}],"wp:attachment":[{"href":"https:\/\/ffsv.info\/index.php?rest_route=%2Fwp%2Fv2%2Fmedia&parent=11"}],"curies":[{"name":"wp","href":"https:\/\/api.w.org\/{rel}","templated":true}]}}