{"id":1172,"date":"2022-03-02T15:05:10","date_gmt":"2022-03-02T15:05:10","guid":{"rendered":"http:\/\/ffsv.info\/?page_id=1172"},"modified":"2026-04-07T15:00:34","modified_gmt":"2026-04-07T15:00:34","slug":"kommande-aktivitet","status":"publish","type":"page","link":"https:\/\/ffsv.info\/","title":{"rendered":"Kommande aktiviteter"},"content":{"rendered":"\n<p><\/p>\n\n\n\n<p>Som tidigare meddelats kommer v\u00e5rens f\u00f6rel\u00e4sningar att h\u00e5llas i Folkuniversitetets lokaler p\u00e5 Bergsbrunnagatan 1.<\/p>\n\n\n\n<p><\/p>\n\n\n\n<p>28 april, 19:00, f\u00f6redrag av Bernt Jones, prof. em. SLU, Tjernobylolyckans orsaker och f\u00f6ljdverkningar. <\/p>\n\n\n\n<p>Tjernobylolyckan startade i reaktor 4 kl. 01:23 den 26 april 1986. De bakomliggande orsakerna var reaktorns konstruktion och brister i personalens handhavande p\u00e5 grund av bristande utbildning. Reaktorh\u00e4rden \u00f6verhettades vilket ledde till brand och flera explosioner som f\u00f6rst\u00f6rde h\u00e4rden och inneslutningen. Radioaktivt material spreds \u00f6ver stora delar av Europa vilket ledde till att svenska och finska myndigheter kunde informera v\u00e4rlden vid lunchtid den 28 april att en reaktorolycka skett i norra Ukraina, vilket de sovjetiska myndigheterna bekr\u00e4ftade senare p\u00e5 kv\u00e4llen.<\/p>\n\n\n\n<p>De omedelbara effekterna blev att tv\u00e5 personer d\u00f6dades av explosionerna, 28 av akut str\u00e5lsjuka och 180 000 evakuerades fr\u00e5n n\u00e4romr\u00e5det. Det radioaktiva molnen spred sig \u00f6ver olika delar av Europa och \u00f6ver Sverige passerade de i samband med regn vilket gav bland de h\u00f6gsta f\u00f6roreningsniv\u00e5erna utanf\u00f6r Sovjetunionen. Enligt ber\u00e4kningar fick de \u00f6stra delarna av Belarus 70 % av det totala nedfallet. En effekt av detta \u00e4r att mer \u00e4n 6000 personer, mest barn och unga, drabbats av sk\u00f6ldk\u00f6rtelkancer (ca 20 st har d\u00f6tt).<\/p>\n\n\n\n<p>L\u00e5ngsiktigt har begr\u00e4nsade arealer i Ryssland, Belarus och Ukraina blivit evakuerade f\u00f6r l\u00e5ng tid fram\u00f6ver p\u00e5 grund av h\u00f6ga f\u00f6roreningsniv\u00e5er. I andra delar av Europa har f\u00f6roreningarna gett upphov till restriktioner i anv\u00e4ndningen av vissa livsmedel. De flesta av dessa \u00e4r nu upph\u00e4vda, t.ex. den obligatoriska kontrollen av renk\u00f6tt i Sverige som upph\u00f6rde i juni 2022. Att notera \u00e4r att de f\u00f6roreningsniv\u00e5er som medf\u00f6rde kassation av renk\u00f6tt (1500 Bq\/kg) \u00f6vertr\u00e4ffades av niv\u00e5er som uppm\u00e4ttes efter k\u00e4rnvapen proven i b\u00f6rjan av 1960-talet.<\/p>\n\n\n\n<p><\/p>\n","protected":false},"excerpt":{"rendered":"<p>Som tidigare meddelats kommer v\u00e5rens f\u00f6rel\u00e4sningar att h\u00e5llas i Folkuniversitetets lokaler p\u00e5 Bergsbrunnagatan 1. 28 april, 19:00, f\u00f6redrag av Bernt Jones, prof. em. SLU, Tjernobylolyckans orsaker och f\u00f6ljdverkningar. Tjernobylolyckan startade i reaktor 4 kl. 01:23 den 26 april 1986. De bakomliggande orsakerna var reaktorns konstruktion och brister i personalens handhavande p\u00e5 grund av bristande utbildning. [&hellip;]<\/p>\n","protected":false},"author":7,"featured_media":0,"parent":0,"menu_order":6,"comment_status":"closed","ping_status":"closed","template":"","meta":{"footnotes":""},"class_list":["post-1172","page","type-page","status-publish","hentry"],"_links":{"self":[{"href":"https:\/\/ffsv.info\/index.php?rest_route=\/wp\/v2\/pages\/1172","targetHints":{"allow":["GET"]}}],"collection":[{"href":"https:\/\/ffsv.info\/index.php?rest_route=\/wp\/v2\/pages"}],"about":[{"href":"https:\/\/ffsv.info\/index.php?rest_route=\/wp\/v2\/types\/page"}],"author":[{"embeddable":true,"href":"https:\/\/ffsv.info\/index.php?rest_route=\/wp\/v2\/users\/7"}],"replies":[{"embeddable":true,"href":"https:\/\/ffsv.info\/index.php?rest_route=%2Fwp%2Fv2%2Fcomments&post=1172"}],"version-history":[{"count":131,"href":"https:\/\/ffsv.info\/index.php?rest_route=\/wp\/v2\/pages\/1172\/revisions"}],"predecessor-version":[{"id":13132,"href":"https:\/\/ffsv.info\/index.php?rest_route=\/wp\/v2\/pages\/1172\/revisions\/13132"}],"wp:attachment":[{"href":"https:\/\/ffsv.info\/index.php?rest_route=%2Fwp%2Fv2%2Fmedia&parent=1172"}],"curies":[{"name":"wp","href":"https:\/\/api.w.org\/{rel}","templated":true}]}}