{"id":2,"date":"2011-03-10T11:29:24","date_gmt":"2011-03-10T11:29:24","guid":{"rendered":"http:\/\/localhost:8888\/FFSV\/?page_id=2"},"modified":"2026-01-25T21:57:04","modified_gmt":"2026-01-25T21:57:04","slug":"sample-page","status":"publish","type":"page","link":"https:\/\/ffsv.info\/?page_id=2","title":{"rendered":"FFSv"},"content":{"rendered":"<h3><strong><span style=\"color: #800000;\">F\u00f6reningen f\u00f6r filosofi och specialvetenskap<\/span><\/strong><\/h3>\n<table style=\"height: 365px;\" width=\"551\">\n<tbody>\n<tr>\n<td width=\"213\"><img loading=\"lazy\" decoding=\"async\" class=\"alignnone\" src=\"http:\/\/ffsv.info\/wp-content\/uploads\/2011\/03\/portratt_web.jpg\" alt=\"\" width=\"182\" height=\"314\" \/><\/td>\n<td width=\"213\"><\/td>\n<td width=\"213\"><img loading=\"lazy\" decoding=\"async\" class=\"alignnone\" src=\"http:\/\/ffsv.info\/wp-content\/uploads\/2011\/03\/kyrka_web.jpg\" alt=\"\" width=\"179\" height=\"309\" \/><\/td>\n<\/tr>\n<\/tbody>\n<\/table>\n<p>F\u00f6reningens grundare, professorn i filosofi vid Uppsala universitet,<br \/>\nAnders Karitz (1881-1961)<\/p>\n<p>&nbsp;<\/p>\n<p>&nbsp;<\/p>\n","protected":false},"excerpt":{"rendered":"<p>F\u00f6reningen f\u00f6r filosofi och specialvetenskap F\u00f6reningens grundare, professorn i filosofi vid Uppsala universitet, Anders Karitz (1881-1961) &nbsp; &nbsp;<\/p>\n","protected":false},"author":7,"featured_media":0,"parent":0,"menu_order":2,"comment_status":"closed","ping_status":"open","template":"","meta":{"footnotes":""},"class_list":["post-2","page","type-page","status-publish","hentry"],"_links":{"self":[{"href":"https:\/\/ffsv.info\/index.php?rest_route=\/wp\/v2\/pages\/2","targetHints":{"allow":["GET"]}}],"collection":[{"href":"https:\/\/ffsv.info\/index.php?rest_route=\/wp\/v2\/pages"}],"about":[{"href":"https:\/\/ffsv.info\/index.php?rest_route=\/wp\/v2\/types\/page"}],"author":[{"embeddable":true,"href":"https:\/\/ffsv.info\/index.php?rest_route=\/wp\/v2\/users\/7"}],"replies":[{"embeddable":true,"href":"https:\/\/ffsv.info\/index.php?rest_route=%2Fwp%2Fv2%2Fcomments&post=2"}],"version-history":[{"count":1,"href":"https:\/\/ffsv.info\/index.php?rest_route=\/wp\/v2\/pages\/2\/revisions"}],"predecessor-version":[{"id":13107,"href":"https:\/\/ffsv.info\/index.php?rest_route=\/wp\/v2\/pages\/2\/revisions\/13107"}],"wp:attachment":[{"href":"https:\/\/ffsv.info\/index.php?rest_route=%2Fwp%2Fv2%2Fmedia&parent=2"}],"curies":[{"name":"wp","href":"https:\/\/api.w.org\/{rel}","templated":true}]}}