{"id":24,"date":"2011-03-10T14:19:16","date_gmt":"2011-03-10T14:19:16","guid":{"rendered":"http:\/\/localhost:8888\/FFSV\/?page_id=24"},"modified":"2026-01-25T21:57:53","modified_gmt":"2026-01-25T21:57:53","slug":"verksamhet","status":"publish","type":"page","link":"https:\/\/ffsv.info\/?page_id=24","title":{"rendered":"Verksamheter"},"content":{"rendered":"<p>&nbsp;<\/p>\n<h2><strong>F\u00f6rel\u00e4sningar<\/strong><\/h2>\n<p><a href=\"http:\/\/ffsv.info\/?page_id=9\" target=\"_blank\">F\u00f6rel\u00e4sningar<\/a> anordnas med efterf\u00f6ljande diskussion (och tesup\u00e9 f\u00f6r dem som s\u00e5 \u00f6nskar) tre till fyra g\u00e5nger per termin.<\/p>\n<p>&nbsp;<\/p>\n<h2><strong>Publiceringsverksamhet<\/strong><\/h2>\n<p><a href=\"http:\/\/ffsv.info\/?page_id=32\" target=\"_blank\">(Se F\u00f6reningens publikationer!)<\/a><\/p>\n<p>&nbsp;<\/p>\n<p>&nbsp;<\/p>\n<p>&nbsp;<\/p>\n<p>&nbsp;<\/p>\n<p>&nbsp;<\/p>\n<p>&nbsp;<\/p>\n<p>&nbsp;<\/p>\n<p><strong><br \/>\n<\/strong><\/p>\n","protected":false},"excerpt":{"rendered":"<p>&nbsp; F\u00f6rel\u00e4sningar F\u00f6rel\u00e4sningar anordnas med efterf\u00f6ljande diskussion (och tesup\u00e9 f\u00f6r dem som s\u00e5 \u00f6nskar) tre till fyra g\u00e5nger per termin. &nbsp; Publiceringsverksamhet (Se F\u00f6reningens publikationer!) &nbsp; &nbsp; &nbsp; &nbsp; &nbsp; &nbsp; &nbsp;<\/p>\n","protected":false},"author":7,"featured_media":0,"parent":0,"menu_order":10,"comment_status":"closed","ping_status":"open","template":"","meta":{"footnotes":""},"class_list":["post-24","page","type-page","status-publish","hentry"],"_links":{"self":[{"href":"https:\/\/ffsv.info\/index.php?rest_route=\/wp\/v2\/pages\/24","targetHints":{"allow":["GET"]}}],"collection":[{"href":"https:\/\/ffsv.info\/index.php?rest_route=\/wp\/v2\/pages"}],"about":[{"href":"https:\/\/ffsv.info\/index.php?rest_route=\/wp\/v2\/types\/page"}],"author":[{"embeddable":true,"href":"https:\/\/ffsv.info\/index.php?rest_route=\/wp\/v2\/users\/7"}],"replies":[{"embeddable":true,"href":"https:\/\/ffsv.info\/index.php?rest_route=%2Fwp%2Fv2%2Fcomments&post=24"}],"version-history":[{"count":1,"href":"https:\/\/ffsv.info\/index.php?rest_route=\/wp\/v2\/pages\/24\/revisions"}],"predecessor-version":[{"id":13108,"href":"https:\/\/ffsv.info\/index.php?rest_route=\/wp\/v2\/pages\/24\/revisions\/13108"}],"wp:attachment":[{"href":"https:\/\/ffsv.info\/index.php?rest_route=%2Fwp%2Fv2%2Fmedia&parent=24"}],"curies":[{"name":"wp","href":"https:\/\/api.w.org\/{rel}","templated":true}]}}