{"id":26,"date":"2011-03-10T14:19:28","date_gmt":"2011-03-10T14:19:28","guid":{"rendered":"http:\/\/localhost:8888\/FFSV\/?page_id=26"},"modified":"2025-10-25T19:24:21","modified_gmt":"2025-10-25T19:24:21","slug":"bli-medlem","status":"publish","type":"page","link":"https:\/\/ffsv.info\/?page_id=26","title":{"rendered":"Bli medlem"},"content":{"rendered":"<h3><span style=\"color: #800000;\"><strong>F\u00d6RENINGEN F\u00d6R FILOSOFI OCH SPECIALVETENSKAP<\/strong><\/span><\/h3>\n<p>&nbsp;<\/p>\n<p>Ny medlem kan man bli genom att anm\u00e4la \u00f6nskem\u00e5l d\u00e4rom till f\u00f6reningens sekreterare:<br \/>\nPer Emgardsson<br \/>\n<span class=\"Apple-style-span\" style=\"font-size: 13px; font-weight: normal;\">E-post: sekreterare.ffsv@gmail.com<\/span><\/p>\n<p><strong>\u00c5rsavgift \u00e4r best\u00e4md till 100:- av F\u00f6reningens \u00e5rsm\u00f6te.<br \/>\n<\/strong><\/p>\n<p>&nbsp;<\/p>\n<p>Utdrag ur f\u00f6reningens <a title=\"F\u00f6reningens syfte\" href=\"http:\/\/ffsv.info\/?page_id=7\">stadgar<\/a>:<\/p>\n<p><strong>\u00a7 3<\/strong> <em>Som medlem i f\u00f6reningen kan endast den upptas, som godk\u00e4nner f\u00f6reningens stadgar, vill verka f\u00f6r dess syften och p\u00e5 f\u00f6reskrivet s\u00e4tt blivit invald i f\u00f6reningen. Den som \u00f6nskar vinna intr\u00e4de i f\u00f6reningen b\u00f6r g\u00f6ra anm\u00e4lan hos sekreteraren, helst skriftligen. Sekreteraren h\u00e4nskjuter fr\u00e5gan till n\u00e4rmast f\u00f6ljande medlemsm\u00f6te, d\u00e4r beslut fattas genom allm\u00e4n omr\u00f6stning.<\/em><\/p>\n<p>&nbsp;<\/p>\n","protected":false},"excerpt":{"rendered":"<p>F\u00d6RENINGEN F\u00d6R FILOSOFI OCH SPECIALVETENSKAP &nbsp; Ny medlem kan man bli genom att anm\u00e4la \u00f6nskem\u00e5l d\u00e4rom till f\u00f6reningens sekreterare: Per Emgardsson E-post: sekreterare.ffsv@gmail.com \u00c5rsavgift \u00e4r best\u00e4md till 100:- av F\u00f6reningens \u00e5rsm\u00f6te. &nbsp; Utdrag ur f\u00f6reningens stadgar: \u00a7 3 Som medlem i f\u00f6reningen kan endast den upptas, som godk\u00e4nner f\u00f6reningens stadgar, vill verka f\u00f6r dess syften [&hellip;]<\/p>\n","protected":false},"author":7,"featured_media":0,"parent":0,"menu_order":9,"comment_status":"closed","ping_status":"closed","template":"","meta":{"footnotes":""},"class_list":["post-26","page","type-page","status-publish","hentry"],"_links":{"self":[{"href":"https:\/\/ffsv.info\/index.php?rest_route=\/wp\/v2\/pages\/26","targetHints":{"allow":["GET"]}}],"collection":[{"href":"https:\/\/ffsv.info\/index.php?rest_route=\/wp\/v2\/pages"}],"about":[{"href":"https:\/\/ffsv.info\/index.php?rest_route=\/wp\/v2\/types\/page"}],"author":[{"embeddable":true,"href":"https:\/\/ffsv.info\/index.php?rest_route=\/wp\/v2\/users\/7"}],"replies":[{"embeddable":true,"href":"https:\/\/ffsv.info\/index.php?rest_route=%2Fwp%2Fv2%2Fcomments&post=26"}],"version-history":[{"count":5,"href":"https:\/\/ffsv.info\/index.php?rest_route=\/wp\/v2\/pages\/26\/revisions"}],"predecessor-version":[{"id":13068,"href":"https:\/\/ffsv.info\/index.php?rest_route=\/wp\/v2\/pages\/26\/revisions\/13068"}],"wp:attachment":[{"href":"https:\/\/ffsv.info\/index.php?rest_route=%2Fwp%2Fv2%2Fmedia&parent=26"}],"curies":[{"name":"wp","href":"https:\/\/api.w.org\/{rel}","templated":true}]}}