{"id":32,"date":"2011-03-10T14:20:01","date_gmt":"2011-03-10T14:20:01","guid":{"rendered":"http:\/\/localhost:8888\/FFSV\/?page_id=32"},"modified":"2026-01-25T21:58:19","modified_gmt":"2026-01-25T21:58:19","slug":"foreningens-publikationer","status":"publish","type":"page","link":"https:\/\/ffsv.info\/?page_id=32","title":{"rendered":"F\u00f6reningens publikationer"},"content":{"rendered":"<h4><span style=\"color: #800000;\">Skrifter utgivna av F\u00f6reningen f\u00f6r filosofi och specialvetenskap, I &#8211; XVI<\/span><strong><em><br \/>\n<\/em><\/strong><\/h4>\n<p>Skrifterna kan s\u00f6kas i DISA, Uppsala universitetsbibliotek via f\u00f6ljande l\u00e4nk:<br \/>\nKlicka d\u00e4r &gt;&gt;&gt;&gt;<strong> <a href=\"http:\/\/disaweb.ub.uu.se\/all\/F%C3%B6reningen%20f%C3%B6r%20filosofi%20och%20specialvetenskap\">DISA<\/a><\/strong><\/p>\n\n\t\t<style type=\"text\/css\">\n\t\t\t#gallery-1 {\n\t\t\t\tmargin: auto;\n\t\t\t}\n\t\t\t#gallery-1 .gallery-item {\n\t\t\t\tfloat: left;\n\t\t\t\tmargin-top: 10px;\n\t\t\t\ttext-align: center;\n\t\t\t\twidth: 33%;\n\t\t\t}\n\t\t\t#gallery-1 img {\n\t\t\t\tborder: 2px solid #cfcfcf;\n\t\t\t}\n\t\t\t#gallery-1 .gallery-caption {\n\t\t\t\tmargin-left: 0;\n\t\t\t}\n\t\t\t\/* see gallery_shortcode() in wp-includes\/media.php *\/\n\t\t<\/style>\n\t\t<div id='gallery-1' class='gallery galleryid-32 gallery-columns-3 gallery-size-thumbnail'><dl class='gallery-item'>\n\t\t\t<dt class='gallery-icon portrait'>\n\t\t\t\t<a href='https:\/\/ffsv.info\/wp-content\/uploads\/2011\/03\/1.jpeg'><img loading=\"lazy\" decoding=\"async\" width=\"121\" height=\"177\" src=\"https:\/\/ffsv.info\/wp-content\/uploads\/2011\/03\/1.jpeg\" class=\"attachment-thumbnail size-thumbnail\" alt=\"\" \/><\/a>\n\t\t\t<\/dt><\/dl><dl class='gallery-item'>\n\t\t\t<dt class='gallery-icon portrait'>\n\t\t\t\t<a href='https:\/\/ffsv.info\/wp-content\/uploads\/2011\/03\/2.jpeg'><img loading=\"lazy\" decoding=\"async\" width=\"123\" height=\"177\" src=\"https:\/\/ffsv.info\/wp-content\/uploads\/2011\/03\/2.jpeg\" class=\"attachment-thumbnail size-thumbnail\" alt=\"\" \/><\/a>\n\t\t\t<\/dt><\/dl><dl class='gallery-item'>\n\t\t\t<dt class='gallery-icon portrait'>\n\t\t\t\t<a href='https:\/\/ffsv.info\/wp-content\/uploads\/2011\/03\/3.jpeg'><img loading=\"lazy\" decoding=\"async\" width=\"121\" height=\"177\" src=\"https:\/\/ffsv.info\/wp-content\/uploads\/2011\/03\/3.jpeg\" class=\"attachment-thumbnail size-thumbnail\" alt=\"\" \/><\/a>\n\t\t\t<\/dt><\/dl><br style=\"clear: both\" \/><dl class='gallery-item'>\n\t\t\t<dt class='gallery-icon portrait'>\n\t\t\t\t<a href='https:\/\/ffsv.info\/wp-content\/uploads\/2011\/03\/4.jpeg'><img loading=\"lazy\" decoding=\"async\" width=\"123\" height=\"177\" src=\"https:\/\/ffsv.info\/wp-content\/uploads\/2011\/03\/4.jpeg\" class=\"attachment-thumbnail size-thumbnail\" alt=\"\" \/><\/a>\n\t\t\t<\/dt><\/dl><dl class='gallery-item'>\n\t\t\t<dt class='gallery-icon portrait'>\n\t\t\t\t<a href='https:\/\/ffsv.info\/wp-content\/uploads\/2011\/03\/5.jpeg'><img loading=\"lazy\" decoding=\"async\" width=\"119\" height=\"178\" src=\"https:\/\/ffsv.info\/wp-content\/uploads\/2011\/03\/5.jpeg\" class=\"attachment-thumbnail size-thumbnail\" alt=\"\" \/><\/a>\n\t\t\t<\/dt><\/dl><dl class='gallery-item'>\n\t\t\t<dt class='gallery-icon portrait'>\n\t\t\t\t<a href='https:\/\/ffsv.info\/wp-content\/uploads\/2011\/03\/FFSV-jub-bok-2015-e1458024118332.jpg'><img loading=\"lazy\" decoding=\"async\" width=\"121\" height=\"182\" src=\"https:\/\/ffsv.info\/wp-content\/uploads\/2011\/03\/FFSV-jub-bok-2015-e1458024118332.jpg\" class=\"attachment-thumbnail size-thumbnail\" alt=\"\" \/><\/a>\n\t\t\t<\/dt><\/dl><br style=\"clear: both\" \/>\n\t\t<\/div>\n\n<p>&nbsp;<\/p>\n<p>&nbsp;<\/p>\n<h3 style=\"text-align: center;\"><\/h3>\n<h3 style=\"text-align: center;\"><\/h3>\n<h3 style=\"text-align: center;\">\u00c5ttio \u00e5rs utblickar mot skilda horisonter<\/h3>\n<h4 style=\"text-align: center;\">Trehundrasextioen f\u00f6redragstitlar och sju nya uppsatser<\/h4>\n<p style=\"text-align: center;\">F\u00f6reningen f\u00f6r filosofi och specialvetenskap 2015<\/p>\n<h4><span style=\"color: #800000;\"><img loading=\"lazy\" decoding=\"async\" class=\"aligncenter\" src=\"http:\/\/ffsv.info\/wp-content\/uploads\/2016\/04\/FFSV-Inneh-jub-bok-20151.jpg\" alt=\"\" width=\"535\" height=\"535\" \/><\/span><\/h4>\n","protected":false},"excerpt":{"rendered":"<p>Skrifter utgivna av F\u00f6reningen f\u00f6r filosofi och specialvetenskap, I &#8211; XVI Skrifterna kan s\u00f6kas i DISA, Uppsala universitetsbibliotek via f\u00f6ljande l\u00e4nk: Klicka d\u00e4r &gt;&gt;&gt;&gt; DISA &nbsp; &nbsp; \u00c5ttio \u00e5rs utblickar mot skilda horisonter Trehundrasextioen f\u00f6redragstitlar och sju nya uppsatser F\u00f6reningen f\u00f6r filosofi och specialvetenskap 2015<\/p>\n","protected":false},"author":7,"featured_media":0,"parent":0,"menu_order":12,"comment_status":"closed","ping_status":"open","template":"","meta":{"footnotes":""},"class_list":["post-32","page","type-page","status-publish","hentry"],"_links":{"self":[{"href":"https:\/\/ffsv.info\/index.php?rest_route=\/wp\/v2\/pages\/32","targetHints":{"allow":["GET"]}}],"collection":[{"href":"https:\/\/ffsv.info\/index.php?rest_route=\/wp\/v2\/pages"}],"about":[{"href":"https:\/\/ffsv.info\/index.php?rest_route=\/wp\/v2\/types\/page"}],"author":[{"embeddable":true,"href":"https:\/\/ffsv.info\/index.php?rest_route=\/wp\/v2\/users\/7"}],"replies":[{"embeddable":true,"href":"https:\/\/ffsv.info\/index.php?rest_route=%2Fwp%2Fv2%2Fcomments&post=32"}],"version-history":[{"count":1,"href":"https:\/\/ffsv.info\/index.php?rest_route=\/wp\/v2\/pages\/32\/revisions"}],"predecessor-version":[{"id":13109,"href":"https:\/\/ffsv.info\/index.php?rest_route=\/wp\/v2\/pages\/32\/revisions\/13109"}],"wp:attachment":[{"href":"https:\/\/ffsv.info\/index.php?rest_route=%2Fwp%2Fv2%2Fmedia&parent=32"}],"curies":[{"name":"wp","href":"https:\/\/api.w.org\/{rel}","templated":true}]}}