{"id":7,"date":"2011-03-10T11:46:57","date_gmt":"2011-03-10T11:46:57","guid":{"rendered":"http:\/\/localhost:8888\/FFSV\/?page_id=7"},"modified":"2025-10-25T19:32:32","modified_gmt":"2025-10-25T19:32:32","slug":"foreningens-syfte","status":"publish","type":"page","link":"https:\/\/ffsv.info\/?page_id=7","title":{"rendered":"F\u00f6reningens syfte"},"content":{"rendered":"<p><span style=\"color: #800000;\"><strong>F\u00d6RENINGEN F\u00d6R FILOSOFI OCH\u00a0SPECIALVETENSKAP<\/strong><\/span><\/p>\n<table>\n<tbody>\n<tr>\n<td width=\"213\">\u00a0<img loading=\"lazy\" decoding=\"async\" class=\"alignnone\" src=\"http:\/\/ffsv.info\/wp-content\/uploads\/2011\/03\/image009.jpeg\" alt=\"\" width=\"176\" height=\"233\" \/><\/td>\n<td width=\"213\">\u00a0<img loading=\"lazy\" decoding=\"async\" class=\"alignnone\" src=\"http:\/\/ffsv.info\/wp-content\/uploads\/2011\/03\/image008.jpeg\" alt=\"\" width=\"175\" height=\"233\" \/><\/td>\n<td width=\"213\">\u00a0<img loading=\"lazy\" decoding=\"async\" class=\"alignnone\" src=\"http:\/\/ffsv.info\/wp-content\/uploads\/2011\/03\/image007.jpeg\" alt=\"\" width=\"155\" height=\"233\" \/><\/td>\n<\/tr>\n<\/tbody>\n<\/table>\n<p>F\u00f6reningen f\u00f6r Filosofi och Specialvetenskap \u00e4r en sammanslutning f\u00f6r dem, som \u00f6nska samarbete mellan filosofin och fackvetenskaperna. F\u00f6reningen vill vara ett forum f\u00f6r fritt,\u00a0sakligt och kamratligt meningsutbyte i hith\u00f6rande fr\u00e5gor.<br \/>\n(\u00a71 i F\u00f6reningens stadgar.)<\/p>\n<p>&nbsp;<\/p>\n<p><strong>F\u00d6RENINGENS STADGAR<\/strong> (av 1935-09-28; reviderade 2009-04-20 samt 2017-11-27)<\/p>\n<p><strong>\u00a71<\/strong> F\u00f6reningen f\u00f6r Filosofi och Specialvetenskap \u00e4r en sammanslutning av dem, som \u00f6nska samarbete mellan filosofien och fackvetenskaperna. F\u00f6reningen vill vara ett forum f\u00f6r fritt, sakligt och kamratligt meningsutbyte i hith\u00f6rande fr\u00e5gor.<\/p>\n<p><strong>\u00a72<\/strong> F\u00f6reningen bedriver sin verksamhet genom sammankomster, f\u00f6redrag, diskussioner, referat och genom att utge skrifter, uppr\u00e4tta f\u00f6reningsbibliotek och genom andra medel, som befordrar den filosofiskt-specialvetenskapliga forskningen.<\/p>\n<p><strong>\u00a73<\/strong> Som medlem i f\u00f6reningen kan endast den upptas, som godk\u00e4nner f\u00f6reningens stadgar, vill verka f\u00f6r dess syften och p\u00e5 f\u00f6reskrivet s\u00e4tt blivit invald i f\u00f6reningen. Den som \u00f6nskar vinna intr\u00e4de i f\u00f6reningen b\u00f6r g\u00f6ra anm\u00e4lan hos sekreteraren, helst skriftligen. Sekreteraren h\u00e4nskjuter fr\u00e5gan till n\u00e4rmast f\u00f6ljande medlemsm\u00f6te, d\u00e4r beslut fattas genom allm\u00e4n omr\u00f6stning.<\/p>\n<p><strong>\u00a74<\/strong> Varje medlem erl\u00e4gger \u00e5rsavgift. Dess storlek best\u00e4ms p\u00e5 f\u00f6reningens \u00e5rsm\u00f6te.<\/p>\n<p><strong>\u00a75<\/strong> F\u00f6reningens styrelse utg\u00f6rs av ordf\u00f6rande, vice ordf\u00f6rande, sekreterare, vice sekreterare, kass\u00f6r, en ledamot utan s\u00e4rskild funktion samt tv\u00e5 klubbm\u00e4stare, vilka v\u00e4ljs p\u00e5 \u00e5rsm\u00f6tet.<\/p>\n<p>Till styrelsen kan vid universiteten inskrivna studenter och s\u00e4rskilt sakkunniga adjungeras, enligt beslut i styrelsen.<\/p>\n<p>P\u00e5 \u00e5rsm\u00f6tet utses en revisor, vilken det \u00e5ligger att revidera f\u00f6reningens r\u00e4kenskaper, samt en revisorssuppleant, samt en valberedning med tv\u00e5 eller tre ledam\u00f6ter varav en \u00e4r sammankallande.<\/p>\n<p>\u00c5rsber\u00e4ttelse \u00f6ver f\u00f6reningens verksamhet uppr\u00e4ttas av styrelsen och f\u00f6redras p\u00e5 \u00e5rsm\u00f6tet. Styrelsen \u00e4r beslutsm\u00e4ssig d\u00e5 5 (fem) ledam\u00f6ter \u00e4r n\u00e4rvarande. I h\u00e4ndelse av lika r\u00f6stetal inom styrelsen \u00e4ger ordf\u00f6randen utslagsr\u00f6st. Styrelsen representerar f\u00f6reningen ut\u00e5t, f\u00f6rbereder program f\u00f6r medlemsm\u00f6tena och har att tillse att stadgarna efterlevs.<\/p>\n<p><strong>\u00a76<\/strong><em>\u00a0 <\/em>F\u00f6reningen sammantr\u00e4der i regel sex g\u00e5nger per \u00e5r. Kallelse sker genom kort eller e-postmeddelande, utf\u00e4rdade av sekreteraren. \u00c5rsm\u00f6tet \u00e4ger rum i mars m\u00e5nad.<\/p>\n<p><strong>\u00a77<\/strong> Till hedersledamot kan den utses, som gjort sig s\u00e4rskilt f\u00f6rtj\u00e4nt av f\u00f6reningens tacksamhet. F\u00f6rslag h\u00e4rom skall skriftligen tillst\u00e4llas styrelsen en m\u00e5nad i f\u00f6rv\u00e4g, och om denna finner f\u00f6rslaget f\u00f6rtj\u00e4na beaktande, avg\u00f6rs fr\u00e5gan p\u00e5 f\u00f6ljande medlemsm\u00f6te. Hedersledamot \u00e4r befriad fr\u00e5n \u00e5rsavgift.<\/p>\n<p><strong>\u00a78<\/strong> \u00c4ndringar av eller till\u00e4gg till dessa stadgar kan endast ske efter beslut, fattat av tv\u00e5 p\u00e5 varandra f\u00f6ljande medlemsm\u00f6ten. F\u00f6r f\u00f6rslagets godk\u00e4nnande fordras 2\/3 majoritet.<\/p>\n","protected":false},"excerpt":{"rendered":"<p>F\u00d6RENINGEN F\u00d6R FILOSOFI OCH\u00a0SPECIALVETENSKAP \u00a0 \u00a0 \u00a0 F\u00f6reningen f\u00f6r Filosofi och Specialvetenskap \u00e4r en sammanslutning f\u00f6r dem, som \u00f6nska samarbete mellan filosofin och fackvetenskaperna. F\u00f6reningen vill vara ett forum f\u00f6r fritt,\u00a0sakligt och kamratligt meningsutbyte i hith\u00f6rande fr\u00e5gor. (\u00a71 i F\u00f6reningens stadgar.) &nbsp; F\u00d6RENINGENS STADGAR (av 1935-09-28; reviderade 2009-04-20 samt 2017-11-27) \u00a71 F\u00f6reningen f\u00f6r Filosofi och [&hellip;]<\/p>\n","protected":false},"author":7,"featured_media":0,"parent":0,"menu_order":3,"comment_status":"closed","ping_status":"open","template":"","meta":{"footnotes":""},"class_list":["post-7","page","type-page","status-publish","hentry"],"_links":{"self":[{"href":"https:\/\/ffsv.info\/index.php?rest_route=\/wp\/v2\/pages\/7","targetHints":{"allow":["GET"]}}],"collection":[{"href":"https:\/\/ffsv.info\/index.php?rest_route=\/wp\/v2\/pages"}],"about":[{"href":"https:\/\/ffsv.info\/index.php?rest_route=\/wp\/v2\/types\/page"}],"author":[{"embeddable":true,"href":"https:\/\/ffsv.info\/index.php?rest_route=\/wp\/v2\/users\/7"}],"replies":[{"embeddable":true,"href":"https:\/\/ffsv.info\/index.php?rest_route=%2Fwp%2Fv2%2Fcomments&post=7"}],"version-history":[{"count":1,"href":"https:\/\/ffsv.info\/index.php?rest_route=\/wp\/v2\/pages\/7\/revisions"}],"predecessor-version":[{"id":13070,"href":"https:\/\/ffsv.info\/index.php?rest_route=\/wp\/v2\/pages\/7\/revisions\/13070"}],"wp:attachment":[{"href":"https:\/\/ffsv.info\/index.php?rest_route=%2Fwp%2Fv2%2Fmedia&parent=7"}],"curies":[{"name":"wp","href":"https:\/\/api.w.org\/{rel}","templated":true}]}}