{"id":889,"date":"2022-12-05T11:01:44","date_gmt":"2022-12-05T11:01:44","guid":{"rendered":"http:\/\/ffsv.info\/?page_id=889"},"modified":"2025-10-25T19:31:12","modified_gmt":"2025-10-25T19:31:12","slug":"infokallelser","status":"publish","type":"page","link":"https:\/\/ffsv.info\/?page_id=889","title":{"rendered":"Medlemsinformation"},"content":{"rendered":"<h3 style=\"text-align: center;\"><span style=\"color: #ff0000;\"><strong>\u00a0<\/strong><\/span><\/h3>\n<p>&nbsp;<\/p>\n<ul style=\"text-align: left;\">\n<li><span style=\"color: #800000;\"><strong>Kallelse till nya m\u00f6ten kommer fr\u00e4mst att ske genom annonsering p\u00e5 F\u00f6reningens hemsida och via e-mail till medlemmar som meddelat sin e-postadress till F\u00f6reningen.<br \/>\n<\/strong><\/span><\/li>\n<li><span style=\"color: #800000;\"><strong>Meddela aktuell mailadress till F\u00f6reningens sekreterare:<\/strong><\/span><span style=\"color: #800000;\"><strong> e-post\u00a0 <a href=\"mailto:425281m@gmail.com\" target=\"_blank\" rel=\"noopener noreferrer\">sekreterare.ffsv@gmail.com<\/a><\/strong><\/span><\/li>\n<li style=\"text-align: left;\"><strong><span style=\"color: #800000;\">Meddelanden om adress\u00e4ndring, eventuellt uttr\u00e4de ur F\u00f6reningen mm l\u00e4mnas i f\u00f6rsta hand till sekreteraren.<\/span><\/strong><\/li>\n<\/ul>\n<p>&nbsp;<\/p>\n<p><span style=\"color: #800000;\"><strong>F\u00f6reningens kontaktuppgifter (sekreteraren):<\/strong><\/span><\/p>\n<p style=\"text-align: left;\">F\u00f6reningen f\u00f6r filosofi och specialvetenskap<br \/>\nc\/o Per Emgardsson<br \/>\nS\u00f6r H\u00e5rsb\u00e4ck 305<br \/>\n749 91 Heby<\/p>\n<p style=\"text-align: left;\"><strong>Tel.<\/strong> 070-520 28 63<br \/>\n<strong>E-post<\/strong>: <a href=\"mailto:425281m@gmail.com\" target=\"_blank\" rel=\"noopener noreferrer\">sekreterare.ffsv@gmail.com<\/a><\/p>\n<p><strong>Swish:<\/strong> 123 054 97 33<br \/>\n<strong>Plusgiro:<\/strong> 14 19 57-1<\/p>\n<h2 style=\"text-align: left;\"><span style=\"color: #ff0000;\">\u00a0<\/span><\/h2>\n<p>&nbsp;<\/p>\n<p style=\"text-align: center;\"><span style=\"color: #0000ff;\"><span style=\"font-size: 26px;\"><strong>\u00a0<\/strong><\/span><\/span><\/p>\n<p><strong>\u00a0<\/strong><\/p>\n","protected":false},"excerpt":{"rendered":"<p>\u00a0 &nbsp; Kallelse till nya m\u00f6ten kommer fr\u00e4mst att ske genom annonsering p\u00e5 F\u00f6reningens hemsida och via e-mail till medlemmar som meddelat sin e-postadress till F\u00f6reningen. Meddela aktuell mailadress till F\u00f6reningens sekreterare: e-post\u00a0 sekreterare.ffsv@gmail.com Meddelanden om adress\u00e4ndring, eventuellt uttr\u00e4de ur F\u00f6reningen mm l\u00e4mnas i f\u00f6rsta hand till sekreteraren. &nbsp; F\u00f6reningens kontaktuppgifter (sekreteraren): F\u00f6reningen f\u00f6r filosofi [&hellip;]<\/p>\n","protected":false},"author":7,"featured_media":0,"parent":0,"menu_order":5,"comment_status":"closed","ping_status":"closed","template":"","meta":{"footnotes":""},"class_list":["post-889","page","type-page","status-publish","hentry"],"_links":{"self":[{"href":"https:\/\/ffsv.info\/index.php?rest_route=\/wp\/v2\/pages\/889","targetHints":{"allow":["GET"]}}],"collection":[{"href":"https:\/\/ffsv.info\/index.php?rest_route=\/wp\/v2\/pages"}],"about":[{"href":"https:\/\/ffsv.info\/index.php?rest_route=\/wp\/v2\/types\/page"}],"author":[{"embeddable":true,"href":"https:\/\/ffsv.info\/index.php?rest_route=\/wp\/v2\/users\/7"}],"replies":[{"embeddable":true,"href":"https:\/\/ffsv.info\/index.php?rest_route=%2Fwp%2Fv2%2Fcomments&post=889"}],"version-history":[{"count":7,"href":"https:\/\/ffsv.info\/index.php?rest_route=\/wp\/v2\/pages\/889\/revisions"}],"predecessor-version":[{"id":13069,"href":"https:\/\/ffsv.info\/index.php?rest_route=\/wp\/v2\/pages\/889\/revisions\/13069"}],"wp:attachment":[{"href":"https:\/\/ffsv.info\/index.php?rest_route=%2Fwp%2Fv2%2Fmedia&parent=889"}],"curies":[{"name":"wp","href":"https:\/\/api.w.org\/{rel}","templated":true}]}}